{"id":1940,"date":"2021-03-06T18:50:28","date_gmt":"2021-03-06T17:50:28","guid":{"rendered":"https:\/\/www.autocolor-karoly.com\/?page_id=1940"},"modified":"2021-03-07T19:10:01","modified_gmt":"2021-03-07T18:10:01","slug":"datenschutzerklaerung","status":"publish","type":"page","link":"https:\/\/www.autocolor-karoly.com\/de\/datenschutzerklaerung\/","title":{"rendered":"Datenschutzerkl\u00e4rung"},"content":{"rendered":"\t\t<div data-elementor-type=\"wp-page\" data-elementor-id=\"1940\" class=\"elementor elementor-1940\" data-elementor-post-type=\"page\">\n\t\t\t\t\t\t<section class=\"elementor-section elementor-top-section elementor-element elementor-element-480d07e elementor-section-boxed elementor-section-height-default elementor-section-height-default\" data-id=\"480d07e\" data-element_type=\"section\" data-e-type=\"section\">\n\t\t\t\t\t\t<div class=\"elementor-container elementor-column-gap-default\">\n\t\t\t\t\t<div class=\"elementor-column elementor-col-100 elementor-top-column elementor-element elementor-element-4fa6e45e\" data-id=\"4fa6e45e\" data-element_type=\"column\" data-e-type=\"column\">\n\t\t\t<div class=\"elementor-widget-wrap elementor-element-populated\">\n\t\t\t\t\t\t<div class=\"elementor-element elementor-element-2169fc91 elementor-widget elementor-widget-text-editor\" data-id=\"2169fc91\" data-element_type=\"widget\" data-e-type=\"widget\" data-widget_type=\"text-editor.default\">\n\t\t\t\t<div class=\"elementor-widget-container\">\n\t\t\t\t\t\t\t\t\t<h4>Datenschutzerkl\u00e4rung<\/h4><p>Der Webseite-Betreiber, Inhaber und Datenmanager ist Einzelunternehmer K\u00e1roly Jo\u00f3 EU. Sie, als Webseite-Benutzer (Nutzer) akzeptieren mit dem Besuch der Homepage deren Nutzungsbedingungen bzw. den Inhalt der Datenschutzerkl\u00e4rung.<\/p><p><strong>Daten des Datenmanagers<\/strong><\/p><p>Name: K\u00e1roly Jo\u00f3 EU.<br \/>Standort: Ungarn, 9421 Fert\u0151r\u00e1kos Pataki Istv\u00e1n utca 17.<\/p><h4>Cookies<\/h4><p>Das Cookie ist ein von dem Webserver geschicktes, alphanumerisches Informationspaket mit unterschiedlichem Inhalt, das auf dem Benutzercomputer festgehalten und f\u00fcr eine bestimmte Zeit (sie haben eine festgelegte G\u00fcltigkeitsdauer) gespeichert wird. Die Cookies erm\u00f6glichen, einige Daten des Nutzers abzufragen und seine Webaktivit\u00e4ten zu verfolgen.<\/p><p>Der Nutzer wird von dem Datenmanager informiert, dass er zur Messung der Besucherzahl, Verfolgung der Besucheraktivit\u00e4ten, Erstellung von Statistiken und Effektivit\u00e4t der Anzeigen die Programme Google Analytics, Google Adsense benutzt.<\/p><p>Die von diesen Programmen verwendeten Cookies sammeln Daten \u00fcber die Nutzer. Die Webseite-Nutzer k\u00f6nnen dem Datenmanager die Programme Google Analytics und Google Adsense auf der Seite zulassen und sie stimmen zugleich zu, dass ihre Webaktivit\u00e4t von dem Datenmanager verfolgt und alle Dienstleistungen der Programme in Anspruch genommen werden.<\/p><p>Die Nutzer haben jederzeit die M\u00f6glichkeit, die Datenspeicherung der Cookies zu verhindern, indem Sie die folgenden Einstellungen vornehmen. Laut Google informiert Google Analytics \u00fcber die Webseitenbesucherinteraktionen mithilfe von Cookies. Diese Cookies speichern ausschlie\u00dflich nur f\u00fcr Datenidentifizierung ungeeignete Informationen. Die Browser teilen die eigenen Cookies unter den Domains nicht. \u00dcber die Cookies sind weitere Infos in den Google Anzeigen und Datenschutz FAQ unten dem folgenden Link zu finden:\u00a0https:\/\/policies.google.com\/technologies\/ads?hl=de<\/p><p><strong>Google Analytics<\/strong><\/p><p>Der Datenmanager benutzt das Programm Google Analytics in erster Linie zur Erstellung von Statistiken und misst die Effektivit\u00e4t seiner T\u00e4tigkeit. Mit der Benutzung des Programms bekommt der Datenmanager vor allem dar\u00fcber Informationen, wie viele Nutzer die Webseite besucht haben und\u00a0 wie viel Zeit diese Besucher auf der Webseite verbracht haben. Das Programm erkennt die IP-Adresse des Nutzers, deshalb kann es verfolgen, ob der Besucher wiederkehrend oder neu ist, und welche Aktivit\u00e4ten er auf der Homepage gemacht hat. Die Lebensdauer der Cookies sind 14 Monate, nach dieser Zeitdauer l\u00f6schen sie sich automatisch.<\/p><p><strong>Addthis Cookies<\/strong><\/p><p>Diese Cookies erm\u00f6glichen den Inhalt der Webseite zu teilen und zu liken, bzw. sie sichern die statistische Analytik der Teilen.<\/p><p><strong>Funktionelle Cookies<\/strong><\/p><p>Diese Cookies sind f\u00fcr das Anzeigen und Funktionieren der Webseite verantwortlich, sie gelten f\u00fcr eine Sitzung. Mit ihrer Blockierung k\u00f6nnen einige Funktionen der Webseite nicht oder nur begrenzt erreicht werden.<\/p><p>Die Ziele der oben genannten Cookies sind die Messung der Besucherzahl, Erstellung von Verkehrsanalytik mithilfe von anonymisierten Daten der Besucher. Anhand dieser Daten kann der Nutzer weder direkt noch indirekt identifiziert werden.<\/p><p><strong>Blockierung von Cookies<\/strong><\/p><p>Sie k\u00f6nnen die Speicherung der Cookies in Ihrem Browser verhindern, bzw. sie bei den Einstellungen des Browsers blockieren. Dazu finden Sie Hilfe unter den folgenden Links:<\/p><p>https:\/\/support.google.com\/chrome\/answer\/95647?hl=de<br \/>https:\/\/support.mozilla.org\/de\/kb\/cookies-loeschen-daten-von-websites-entfernen<br \/>https:\/\/support.microsoft.com\/de-de\/help\/278835\/how-to-delete-cookie-files-in-internet-explorer<\/p><p>Die Benutzer, die nicht wollen, dass das Google Analytics Ihre Besuche speichert, k\u00f6nnen die Blockierung von Google Analytics installieren. Diese Erg\u00e4nzung verweist die JavaSkripts von Google Analytics (ga.js, analytics.js, und dc.js), keine Informationen \u00fcber die Besucher f\u00fcr Google zu schicken.<\/p><p>Falls Sie die Webaktivit\u00e4ten von Analytics blockieren m\u00f6chten, suchen Sie die Blockierungsseite von Google Analytics auf und installieren Sie die Erg\u00e4nzung zu Ihrem Browser. F\u00fcr weitere Infos \u00fcber die Installierung und Deinstallation sehen Sie sich die Hilfe bei dem Browser an!<\/p><h4>Kontaktaufnahme via Webseite\/Facebook<\/h4><p>Ziele der Datenverwaltung: Aufkl\u00e4rung, Kontaktaufnahme, Beantwortung von Fragen<\/p><p>Rechtsgrundlage der Datenverwaltung: Zustimmung der Nutzer \u2013 GDPR 6. Paragraph (1) Absatz a) Punkt<\/p><p>Im Fall einer Nachrichtensendung auf der Homepage geben Sie die Zustimmung ein, indem Sie vor der Nachrichtensendung das Checkbox abhaken. Falls Sie via Facebook die Nachricht senden, stimmen Sie mit der Nachrichtensendung zu, dass der Datenmanager Ihre pers\u00f6nlichen Daten (Name, Profilfoto), die Sie im Facebook-Profil angeben, kennenlernt.<\/p><p>Die Zustimmung kann jederzeit, ohne Begr\u00fcndung via E-Mail oder in einem schriftlichen Antrag widergerufen werden. Bei der Annullierung der Zustimmung werden Ihre pers\u00f6nlichen Daten gel\u00f6scht.<\/p><p>Kategorien der Betroffenen: Kunden, die eine Nachricht senden<br \/>Behandelte Daten: Name, E-Mail-Adresse, Betreff, Nachricht, \u00f6ffentliche Daten des Facebook-Profils<br \/>Wer hat Zugriff? ausschlie\u00dflich der Datenmanager<\/p><p>Zeitdauer der Datenverwaltung: in 30 Tagen nach der Sendung der Antwortnachricht werden die Nachrichten gel\u00f6scht (Ausnahme: andere Ziele der Datenverwaltung sind vorhanden)<\/p><p>M\u00f6gliche Folgen des Weglassens der Datenabgabe: Der Nutzer kann keine Fragen auf der Webseite stellen.<\/p><h4>Newsletter, eDM<\/h4><p>Das Ziel der Datenverwaltung ist, Informationen und Newsletters \u00fcber die neuesten Artikel der Webseite, \u00fcber die aktuellen Angebote und Sonderangebote zu schicken. Wenn Sie keine Newsletters mehr erhalten m\u00f6chten, k\u00f6nnen Sie sie jederzeit ohne Konsequenzen abbestellen.<\/p><p>Der Rechtsgrund der Datenverwaltung ist Ihre Zustimmung dazu, dass Gabor Pal Ercsenyi Eu (Inhaber der Webseite xkreativ.com) Ihnen Newsletters und eDm auf die bei der Registration angegebene E-Mail-Adresse schickt und Ihre dazu n\u00f6tigen, pers\u00f6nlichen Daten verwaltet.<\/p><p>Behandelte Daten: Name, E-Mail-Adresse<br \/>Wer hat Zugriff? ausschlie\u00dflich der Datenmanager<br \/>Datenspeicherung: elektronisch<\/p><p>Dauer der Datenverwaltung: die Datenverwaltung dauert bis der Benutzer seine Zustimmung widerruft. Die Zustimmung kann jederzeit widerruft werden, indem Sie auf die Kontakt E-Mail-Adresse eine E-Mail schreiben oder bei den geschickten Newsletters auf den Link f\u00fcr Abbestellen klicken.<\/p><h4>Rechte der Nutzer<\/h4><p><strong>Zugangsrecht<\/strong><br \/>Der Nutzer hat das Recht, den Datenmanager um Aufkl\u00e4rung \u00fcber die Verwaltung seiner pers\u00f6nlichen Daten, besonders \u00fcber die Ziele der Datenverwaltung, die Rechtsgrundlage, die pers\u00f6nlichen Daten, den Datenmanager und das Beschwerderecht zu bitten.<\/p><p>Der Datenmanager sichert dem Nutzer die Aufkl\u00e4rung kostenlos. Falls die Bitte der Nutzer eindeutig unbegr\u00fcndet ist, oder wegen seiner wiederholenden Art \u00fcbertrieben ist, hat der Datenmanager das Recht, eine Kostenerstattung zu fordern.<\/p><p>Die Bitte kann online oder per Post eingereicht werden.<\/p><p>Auf die eingereichte Bitte antwortet der Datenmanager innerhalb der m\u00f6glichst k\u00fcrzesten Zeit, h\u00f6chstens aber in 25 Tagen in allgemein verst\u00e4ndlicher Form.<\/p><p><strong>Recht auf Korrektion<\/strong><br \/>Der Nutzer kann um die Korrektion seiner pers\u00f6nlichen Daten bitten, falls sie der Wirklichkeit nicht entsprechen. Er hat au\u00dferdem das Recht, um die Erg\u00e4nzung der pers\u00f6nlichen Daten zu bitten.<\/p><p>Nach dem Eingang der Bitte untersucht der Datenmanager innerhalb der m\u00f6glichst k\u00fcrzesten Zeit die Berechtigung der Bitte. Falls der Datenmanager die Bitte des Nutzers nicht begr\u00fcndet findet und deren Durchf\u00fchrung weigert, soll er dem Betroffenen die Ablehnung und deren Begr\u00fcndungen mit dem Rechtsbehelf nach dem Eingang der Bitte in 25 Tagen schriftlich mitteilen.<\/p><p><strong>Recht auf L\u00f6schen<\/strong><br \/>Der Datenmanager kann die pers\u00f6nlichen Daten des Nutzers l\u00f6schen, falls:<\/p><p>die Datenverwaltung widerrechtlich ist<br \/>der Nutzer die Zustimmung in Bezug auf die Verwaltung der pers\u00f6nlichen Daten widerruft und die Datenverwaltung keine andere Rechtsgrundlage hat<br \/>die pers\u00f6nlichen Daten des Nutzers mangelhaft oder falsch sind und dieser Zustand rechtm\u00e4\u00dfig nicht korrigiert werden kann, vorausgesetzt, dass das L\u00f6schen wegen einer Rechtsvorschrift nicht ausgeschlossen ist<br \/>das Ziel der Datenverwaltung nicht mehr existiert<\/p><h4>Datensicherheit<\/h4><p>Der Datenmanager tut alle n\u00f6tigen Anordnungen, um die sichere und verletzungsfreie Verwaltung der Daten (sowohl auf Papier, als auch elektronisch) zu sichern und die dazu n\u00f6tigen Datenverwaltungssysteme auszubauen und zu bet\u00e4tigen. Der Datenmanager sorgt daf\u00fcr, dass keine Unzust\u00e4ndigen die Daten zugreifen, ver\u00f6ffentlichen, weitergeben, \u00e4ndern oder l\u00f6schen k\u00f6nnen. Der Datenmanager tut alles M\u00f6gliche, dass die Daten sich nicht besch\u00e4digen bzw.\u00a0 zunichte gehen.<\/p><p>Die oben genannte Anerkenntnis schreibt der Datenmanager w\u00e4hrend der Datenverwaltungst\u00e4tigkeit den anderen Datenbearbeitern auch vor.<\/p><p>Auf dem Computer benutzt er Virenschutz und Firewall und sichert die physische Sicherheit der Daten und Datenspeicherger\u00e4te. Die Computer und Datenbases werden mit Passwort gesch\u00fctzt, so k\u00f6nnen sich nur die Berechtigten die pers\u00f6nlichen Daten ansehen. Von den elektronischen Daten wird ein Sicherheitsspeicher gemacht.<\/p><h4>G\u00fcltigkeit<\/h4><p>Die vorliegende Datenschutzerkl\u00e4rung ist von 1.M\u00e4rz 2018 bis auf Widerruf g\u00fcltig. Der Seiteninhaber erh\u00e4lt das Recht, diese Datenschutzerkl\u00e4rung jederzeit \u00e4ndern zu k\u00f6nnen. Falls der Inhalt der vorliegenden Datenschutzerkl\u00e4rung sich \u00e4ndert, teilt er auf der Startseite der Webseite, gut sichtbar mit.<\/p><p>Der Provider des Webhostings:<\/p><p>Sybell Informatika Kft.<br \/>Ungarn, 1158 Budapest, K\u00e9sm\u00e1rk u. 7\/B 2. em. 206.<\/p>\t\t\t\t\t\t\t\t<\/div>\n\t\t\t\t<\/div>\n\t\t\t\t\t<\/div>\n\t\t<\/div>\n\t\t\t\t\t<\/div>\n\t\t<\/section>\n\t\t\t\t<\/div>\n\t\t","protected":false},"excerpt":{"rendered":"<p>Datenschutzerkl\u00e4rung Der Webseite-Betreiber, Inhaber und Datenmanager ist Einzelunternehmer K\u00e1roly Jo\u00f3 EU. Sie, als Webseite-Benutzer (Nutzer) akzeptieren mit dem Besuch der Homepage deren Nutzungsbedingungen bzw. den Inhalt der Datenschutzerkl\u00e4rung. Daten des Datenmanagers Name: K\u00e1roly Jo\u00f3 EU.Standort: Ungarn, 9421 Fert\u0151r\u00e1kos Pataki Istv\u00e1n utca 17. Cookies Das Cookie ist ein von dem Webserver geschicktes, alphanumerisches Informationspaket mit unterschiedlichem [&hellip;]<\/p>\n","protected":false},"author":2,"featured_media":0,"parent":0,"menu_order":0,"comment_status":"closed","ping_status":"closed","template":"","meta":{"footnotes":""},"class_list":["post-1940","page","type-page","status-publish","hentry"],"yoast_head":"<!-- This site is optimized with the Yoast SEO plugin v27.4 - https:\/\/yoast.com\/product\/yoast-seo-wordpress\/ -->\n<title>Datenschutzerkl\u00e4rung - Autocolor-Karoly<\/title>\n<meta name=\"robots\" content=\"index, follow, max-snippet:-1, max-image-preview:large, max-video-preview:-1\" \/>\n<link rel=\"canonical\" href=\"https:\/\/www.autocolor-karoly.com\/de\/datenschutzerklaerung\/\" \/>\n<meta property=\"og:locale\" content=\"de_DE\" \/>\n<meta property=\"og:type\" content=\"article\" \/>\n<meta property=\"og:title\" content=\"Datenschutzerkl\u00e4rung - Autocolor-Karoly\" \/>\n<meta property=\"og:description\" content=\"Datenschutzerkl\u00e4rung Der Webseite-Betreiber, Inhaber und Datenmanager ist Einzelunternehmer K\u00e1roly Jo\u00f3 EU. Sie, als Webseite-Benutzer (Nutzer) akzeptieren mit dem Besuch der Homepage deren Nutzungsbedingungen bzw. den Inhalt der Datenschutzerkl\u00e4rung. Daten des Datenmanagers Name: K\u00e1roly Jo\u00f3 EU.Standort: Ungarn, 9421 Fert\u0151r\u00e1kos Pataki Istv\u00e1n utca 17. Cookies Das Cookie ist ein von dem Webserver geschicktes, alphanumerisches Informationspaket mit unterschiedlichem [&hellip;]\" \/>\n<meta property=\"og:url\" content=\"https:\/\/www.autocolor-karoly.com\/de\/datenschutzerklaerung\/\" \/>\n<meta property=\"og:site_name\" content=\"Autocolor-Karoly\" \/>\n<meta property=\"article:modified_time\" content=\"2021-03-07T18:10:01+00:00\" \/>\n<meta name=\"twitter:card\" content=\"summary_large_image\" \/>\n<meta name=\"twitter:label1\" content=\"Gesch\u00e4tzte Lesezeit\" \/>\n\t<meta name=\"twitter:data1\" content=\"6\u00a0Minuten\" \/>\n<script type=\"application\/ld+json\" class=\"yoast-schema-graph\">{\"@context\":\"https:\\\/\\\/schema.org\",\"@graph\":[{\"@type\":\"WebPage\",\"@id\":\"https:\\\/\\\/www.autocolor-karoly.com\\\/datenschutzerklaerung\\\/\",\"url\":\"https:\\\/\\\/www.autocolor-karoly.com\\\/datenschutzerklaerung\\\/\",\"name\":\"Datenschutzerkl\u00e4rung - Autocolor-Karoly\",\"isPartOf\":{\"@id\":\"https:\\\/\\\/www.autocolor-karoly.com\\\/#website\"},\"datePublished\":\"2021-03-06T17:50:28+00:00\",\"dateModified\":\"2021-03-07T18:10:01+00:00\",\"breadcrumb\":{\"@id\":\"https:\\\/\\\/www.autocolor-karoly.com\\\/datenschutzerklaerung\\\/#breadcrumb\"},\"inLanguage\":\"de\",\"potentialAction\":[{\"@type\":\"ReadAction\",\"target\":[\"https:\\\/\\\/www.autocolor-karoly.com\\\/datenschutzerklaerung\\\/\"]}]},{\"@type\":\"BreadcrumbList\",\"@id\":\"https:\\\/\\\/www.autocolor-karoly.com\\\/datenschutzerklaerung\\\/#breadcrumb\",\"itemListElement\":[{\"@type\":\"ListItem\",\"position\":1,\"name\":\"Kezd\u0151lap\",\"item\":\"https:\\\/\\\/www.autocolor-karoly.com\\\/\"},{\"@type\":\"ListItem\",\"position\":2,\"name\":\"Datenschutzerkl\u00e4rung\"}]},{\"@type\":\"WebSite\",\"@id\":\"https:\\\/\\\/www.autocolor-karoly.com\\\/#website\",\"url\":\"https:\\\/\\\/www.autocolor-karoly.com\\\/\",\"name\":\"Autocolor-Karoly\",\"description\":\"Karosserie- und Lackiererwerkstatt Sopron\",\"potentialAction\":[{\"@type\":\"SearchAction\",\"target\":{\"@type\":\"EntryPoint\",\"urlTemplate\":\"https:\\\/\\\/www.autocolor-karoly.com\\\/?s={search_term_string}\"},\"query-input\":{\"@type\":\"PropertyValueSpecification\",\"valueRequired\":true,\"valueName\":\"search_term_string\"}}],\"inLanguage\":\"de\"}]}<\/script>\n<!-- \/ Yoast SEO plugin. -->","yoast_head_json":{"title":"Datenschutzerkl\u00e4rung - Autocolor-Karoly","robots":{"index":"index","follow":"follow","max-snippet":"max-snippet:-1","max-image-preview":"max-image-preview:large","max-video-preview":"max-video-preview:-1"},"canonical":"https:\/\/www.autocolor-karoly.com\/de\/datenschutzerklaerung\/","og_locale":"de_DE","og_type":"article","og_title":"Datenschutzerkl\u00e4rung - Autocolor-Karoly","og_description":"Datenschutzerkl\u00e4rung Der Webseite-Betreiber, Inhaber und Datenmanager ist Einzelunternehmer K\u00e1roly Jo\u00f3 EU. Sie, als Webseite-Benutzer (Nutzer) akzeptieren mit dem Besuch der Homepage deren Nutzungsbedingungen bzw. den Inhalt der Datenschutzerkl\u00e4rung. Daten des Datenmanagers Name: K\u00e1roly Jo\u00f3 EU.Standort: Ungarn, 9421 Fert\u0151r\u00e1kos Pataki Istv\u00e1n utca 17. Cookies Das Cookie ist ein von dem Webserver geschicktes, alphanumerisches Informationspaket mit unterschiedlichem [&hellip;]","og_url":"https:\/\/www.autocolor-karoly.com\/de\/datenschutzerklaerung\/","og_site_name":"Autocolor-Karoly","article_modified_time":"2021-03-07T18:10:01+00:00","twitter_card":"summary_large_image","twitter_misc":{"Gesch\u00e4tzte Lesezeit":"6\u00a0Minuten"},"schema":{"@context":"https:\/\/schema.org","@graph":[{"@type":"WebPage","@id":"https:\/\/www.autocolor-karoly.com\/datenschutzerklaerung\/","url":"https:\/\/www.autocolor-karoly.com\/datenschutzerklaerung\/","name":"Datenschutzerkl\u00e4rung - Autocolor-Karoly","isPartOf":{"@id":"https:\/\/www.autocolor-karoly.com\/#website"},"datePublished":"2021-03-06T17:50:28+00:00","dateModified":"2021-03-07T18:10:01+00:00","breadcrumb":{"@id":"https:\/\/www.autocolor-karoly.com\/datenschutzerklaerung\/#breadcrumb"},"inLanguage":"de","potentialAction":[{"@type":"ReadAction","target":["https:\/\/www.autocolor-karoly.com\/datenschutzerklaerung\/"]}]},{"@type":"BreadcrumbList","@id":"https:\/\/www.autocolor-karoly.com\/datenschutzerklaerung\/#breadcrumb","itemListElement":[{"@type":"ListItem","position":1,"name":"Kezd\u0151lap","item":"https:\/\/www.autocolor-karoly.com\/"},{"@type":"ListItem","position":2,"name":"Datenschutzerkl\u00e4rung"}]},{"@type":"WebSite","@id":"https:\/\/www.autocolor-karoly.com\/#website","url":"https:\/\/www.autocolor-karoly.com\/","name":"Autocolor-Karoly","description":"Karosserie- und Lackiererwerkstatt Sopron","potentialAction":[{"@type":"SearchAction","target":{"@type":"EntryPoint","urlTemplate":"https:\/\/www.autocolor-karoly.com\/?s={search_term_string}"},"query-input":{"@type":"PropertyValueSpecification","valueRequired":true,"valueName":"search_term_string"}}],"inLanguage":"de"}]}},"_links":{"self":[{"href":"https:\/\/www.autocolor-karoly.com\/de\/wp-json\/wp\/v2\/pages\/1940","targetHints":{"allow":["GET"]}}],"collection":[{"href":"https:\/\/www.autocolor-karoly.com\/de\/wp-json\/wp\/v2\/pages"}],"about":[{"href":"https:\/\/www.autocolor-karoly.com\/de\/wp-json\/wp\/v2\/types\/page"}],"author":[{"embeddable":true,"href":"https:\/\/www.autocolor-karoly.com\/de\/wp-json\/wp\/v2\/users\/2"}],"replies":[{"embeddable":true,"href":"https:\/\/www.autocolor-karoly.com\/de\/wp-json\/wp\/v2\/comments?post=1940"}],"version-history":[{"count":26,"href":"https:\/\/www.autocolor-karoly.com\/de\/wp-json\/wp\/v2\/pages\/1940\/revisions"}],"predecessor-version":[{"id":2022,"href":"https:\/\/www.autocolor-karoly.com\/de\/wp-json\/wp\/v2\/pages\/1940\/revisions\/2022"}],"wp:attachment":[{"href":"https:\/\/www.autocolor-karoly.com\/de\/wp-json\/wp\/v2\/media?parent=1940"}],"curies":[{"name":"wp","href":"https:\/\/api.w.org\/{rel}","templated":true}]}}